{"id":496,"date":"2018-12-04T10:23:42","date_gmt":"2018-12-04T09:23:42","guid":{"rendered":"https:\/\/yogalishesana.com\/?page_id=496"},"modified":"2020-10-05T09:23:07","modified_gmt":"2020-10-05T07:23:07","slug":"anakersnikzvab","status":"publish","type":"page","link":"https:\/\/yogalishesana.com\/en\/anakersnikzvab\/","title":{"rendered":"Ana Kersnik \u017dvab"},"content":{"rendered":"<div id=\"pl-496\"  class=\"panel-layout\" ><div id=\"pg-496-0\"  class=\"panel-grid panel-has-style\" ><div class=\"devayani-about-img-container panel-row-style panel-row-style-for-496-0\" ><div id=\"pgc-496-0-0\"  class=\"panel-grid-cell\" ><div id=\"panel-496-0-0-0\" class=\"so-panel widget widget_media_image panel-first-child panel-last-child\" data-index=\"0\" ><div class=\"devayani-about-image panel-widget-style panel-widget-style-for-496-0-0-0\" ><img width=\"300\" height=\"300\" src=\"https:\/\/yogalishesana.com\/wp-content\/uploads\/2018\/12\/anakersnik\u017evab_image-1-300x300.png\" class=\"image wp-image-1386  attachment-medium size-medium\" alt=\"\" decoding=\"async\" loading=\"lazy\" style=\"max-width: 100%; height: auto;\" srcset=\"https:\/\/yogalishesana.com\/wp-content\/uploads\/2018\/12\/anakersnik\u017evab_image-1-300x300.png 300w, https:\/\/yogalishesana.com\/wp-content\/uploads\/2018\/12\/anakersnik\u017evab_image-1-150x150.png 150w, https:\/\/yogalishesana.com\/wp-content\/uploads\/2018\/12\/anakersnik\u017evab_image-1-75x75.png 75w, https:\/\/yogalishesana.com\/wp-content\/uploads\/2018\/12\/anakersnik\u017evab_image-1-444x444.png 444w, https:\/\/yogalishesana.com\/wp-content\/uploads\/2018\/12\/anakersnik\u017evab_image-1-100x100.png 100w, https:\/\/yogalishesana.com\/wp-content\/uploads\/2018\/12\/anakersnik\u017evab_image-1.png 500w\" sizes=\"(max-width: 300px) 100vw, 300px\" \/><\/div><\/div><\/div><\/div><\/div><div id=\"pg-496-1\"  class=\"panel-grid panel-has-style\" ><div class=\"devayani-about-header panel-row-style panel-row-style-for-496-1\" ><div id=\"pgc-496-1-0\"  class=\"panel-grid-cell\" ><div id=\"panel-496-1-0-0\" class=\"widget_text so-panel widget widget_custom_html panel-first-child panel-last-child\" data-index=\"1\" ><div class=\"widget_text devayani-about-info panel-widget-style panel-widget-style-for-496-1-0-0\" ><div class=\"textwidget custom-html-widget\"><h2 class=\"devayani-about-title\">\n\tAna Kersnik \u017dvab\n<\/h2>\n<h6 class=\"devayani-about-subtitle\">\n\tTravelling International Model, Miss, Yogini, Dancer\n<\/h6><\/div><\/div><\/div><\/div><\/div><\/div><div id=\"pg-496-2\"  class=\"panel-grid panel-has-style\" ><div class=\"devayani-about-content panel-row-style panel-row-style-for-496-2\" ><div id=\"pgc-496-2-0\"  class=\"panel-grid-cell\" ><div id=\"panel-496-2-0-0\" class=\"widget_text so-panel widget widget_custom_html panel-first-child panel-last-child\" data-index=\"2\" ><div class=\"widget_text devayani-about-text panel-widget-style panel-widget-style-for-496-2-0-0\" ><div class=\"textwidget custom-html-widget\"><p>\n<strong>Ana Kersnik \u017dvab<\/strong> was born in Jesenice, Slovenia, and was a yoga model and an ambassador for Freneti\u010d sports clothes at the age of 19. She has worked in numerous areas of the fashion industry including editorial, catalogue, runway, commercial, television, and short film. It all started when she was a yoga model in Spain and after that also sports model for others companies and sports industry where she also performed in videos and films. She was also a dance performer with the group Mystique on TV shows and a VIP hostess for Serbian music festival Exit and a cup holder for the World Cup Planica. Her first beauty contest was the Miss Yoga Beauty Contest which she won. She got the title Miss Yoga 2012. In March 2014, she was competing for the title Miss of Sports Slovenia 2014. After winning or being a part of a beauty contest, she was running for the titles of Miss Casino Larix 2015, Miss Casino Corona Kranjska Gora 2015, Winter Miss Slovenia, and others. She was also selected to be in the running for the beauty contest Miss Earth Slovenia 2015 and Miss Bikini Slovenia, but she cancelled with the running because of the death of her beloved father. With all these beauty contests, she came from the world of dance and yoga to the fashion industry and started her modelling career. She was selected for Croatian beauty contest Miss Bora Bora 2018 and international beauty contest Miss Yogini Turkey 2018. She does most of the modelling jobs as a swimsuit model and as a boudoir model. She worked with almost all the best photographers in Slovenia and also with Italian photographer Francesco Slavaggio, German photographer Bruce Lee, Croatian photographer Stipe Sura\u0107, and many more. Ana is an official model for sports clothes, such as Lets doodle, WearCrap, Freneti\u010d sportswear and also for womens bags Maxikreative of Slovenian designer Maxi Tav\u010dar. She is also a well-known ambassador of UK brand JustStrong, USA Miami Hot Shades, and other big brands all over the world.\n<\/p>\n<p>\nIn the year 2014, she was selected as a Sports Girl of the Day for the Program Sport Slovenia on television and on Internet page and also landed in several magazines and newspapers. As a top model, she worked with one of the most recognized boudoir photographers Ulla Wolk. She is a model for fashion photographers, such as Tina Ramujki\u010d. As a fashion lover and fashion figure, she is a part of movement #iamallwomen of fashion blogger Nata\u0161a Mernik and stylist Katarina Mlja\u010d for a fashionable and healthy lifestyle.\n<\/p>\n<p>\nIn the year 2015, Ana was a part of Fashion Summer School and working with the most recognized models, such as Jana Koteska, Laura \u0160kvorc, and Nata\u0161a Naneva. She was also on the runway with Sabina Remar and Iris Mulej. Ana worked with all the well-known photographers and make-up artists, such as Bruce Smith, Sa\u0161a Hes, and Vanja Djuran. She was also educating with Nancy Bishop, an Emmy Award nominated casting director.\n<\/p>\n<p>\nAs a boudoir model she was a part of many fashion shows, also selected for big casts, such as VIP Angels, Lisca flashmob, I am all women project, wedding fashion shows, etc. In the year 2015, she also started to work with Kaly Koloni\u010d, the director of the World Top Model Slovenia. Ana works with multiple casting agencies and model agencies in Slovenia and abroad. In Slovenia, she is also a part of the MK model group, Models of Fotovizije and others. Currently, she is also working with Bernarda Marovt, ex-Miss Yugoslavia, the Top Model of Europe. In the model school of Bernarda Marovt, she is working as a model, a yogini, and a dancer. Ana is teaching new models yoga and how to move on the runway. Ana is also becoming one of the most recognized travelling models. She created blogs with the title Travelling Yogini, Model, Dancer where all the followers can follow her journey.\n<\/p>\n<p>\nAs a leader for the healthy lifestyle movement, Ana has been featured in almost all the magazines and newspaper, such as Slovenske novice, Polet, Zarja, Nova, Lea, Liza, and many more. In December 2015, Ana moved her career even further with her first book Prenatal Yoga (Joga za nose\u010dnice), which was a great success. After that, she also wrote books Yoga Mom and Baby and Heart Yoga. The last book, Heart yoga, was also nominated for the best book of the year 2017. She started to write as an expert for internet portals, magazines, and newspapers, such as Moj mal\u010dek, Bogastvo zdravja, Ringaraja, Bambino, \u017denska.si, Rina, and many more.\n<\/p>\n<p>\nIn all the years of her active presentations in Slovenia and abroad, she was invited to all of the most important TV and radio shows all over Slovenia. In the year 2016, she was the organizer of the International Festival Om and became recognized also in media, such as 24 ur, GTV, Petelin TV, TV IDEA, TV Golica, and many more.\n<\/p>\n<p>\nHer wish is to continue with her modelling career and as a TV host and to work in the entertainment industry even more. Her motto is that we only live once, but if we do it right, once is enough.\n<\/p>\n<p>\nAdditionally, Ana is also becoming a television personality and has hosted television programs and events such as Gostilna pr Francet. She was recently a guest on TV show V ringu with Denis Chorchyp where she provided her expert advice on how to be a mom and a businesswoman. On the TV show Klepet ob kavi, she presented her yoga path and for the RTV national program, she presented Senior yoga with her amazing yoginis.\n<\/p>\n<p>\nAs a model and activist for a healthy lifestyle for more than 10 years, Ana is regularly invited to speak at national conferences, aerobics, and Pilates conventions and in other events.\n<\/p>\n<p>\nAna is also the president and creative director of Devayani Yoga &amp; Dance Lifestyle Club.\n<\/p><\/div><\/div><\/div><\/div><\/div><\/div><div id=\"pg-496-3\"  class=\"panel-grid panel-no-style\" ><div id=\"pgc-496-3-0\"  class=\"panel-grid-cell\" ><div id=\"panel-496-3-0-0\" class=\"so-panel widget widget_text panel-first-child panel-last-child\" data-index=\"3\" ><div class=\"devayani-additional-info panel-widget-style panel-widget-style-for-496-3-0-0\" >\t\t\t<div class=\"textwidget\"><input type='hidden' bg_collapse_expand='69f1dee607db90000809579' value='69f1dee607db90000809579'><input type='hidden' id='bg-show-more-text-69f1dee607db90000809579' value=' '><input type='hidden' id='bg-show-less-text-69f1dee607db90000809579' value=' '><div id='bg-showmore-hidden-69f1dee607db90000809579' >Mat Pilates Instructor<br \/>\nInstructor Pilates FZS<br \/>\nPilates Flow Instructor<br \/>\nAerobic Instructor FZS<br \/>\nDance Aerobics<br \/>\nHi-low Aerobics<br \/>\nGliding<br \/>\nMassage Licence (Sport and Swedish style)<br \/>\nYoga Teacher (Slovenian Aliance)<br \/>\nInternational Yoga Teacher (IRJU200)<br \/>\nDance Teacher Miki Dance School<br \/>\nDance Teacher Dance School Moj Klub<br \/>\nDance teacher Devayani Yoga &amp; Dance School<br \/>\nInternationally Accredited Diploma Certificate in Fitness<br \/>\nInternationally Accredited Diploma Certificate in Nutrition<br \/>\nInternationally Accredited Diploma in Diet Planning<br \/>\nInternationally Accredited Diploma in Weight Loss<br \/>\nNLP Practitioner Certificate Course (Beginner to Advanced)<br \/>\nLife Coach (Advanced)<br \/>\nYoga For Kids Diploma<br \/>\nPrenatal and Postnatal Workout<br \/>\nBaby Handling Course<br \/>\nSenior Yoga and Pilates<br \/>\nPilates Flo FIT Pro<\/div><button id='bg-showmore-action-69f1dee607db90000809579' class='bg-showmore-plg-button bg-green-button  devayani-license'   style=\" color:#000000;\"> <\/button>\n<\/div>\n\t\t<\/div><\/div><\/div><div id=\"pgc-496-3-1\"  class=\"panel-grid-cell\" ><div id=\"panel-496-3-1-0\" class=\"so-panel widget widget_text panel-first-child panel-last-child\" data-index=\"4\" ><div class=\"devayani-additional-info panel-widget-style panel-widget-style-for-496-3-1-0\" >\t\t\t<div class=\"textwidget\"><input type='hidden' bg_collapse_expand='69f1dee6083649039230844' value='69f1dee6083649039230844'><input type='hidden' id='bg-show-more-text-69f1dee6083649039230844' value=' '><input type='hidden' id='bg-show-less-text-69f1dee6083649039230844' value=' '><div id='bg-showmore-hidden-69f1dee6083649039230844' >1st place\u00a0International Yoga Cup 2012<br \/>\nMiss Yoga 2012<br \/>\nAward for\u00a010 years of yoga &amp; dance achievements<br \/>\nGold award of\u00a0South Asia Yoga Championship 2018<br \/>\nHonored guest on\u00a0Miss Yogini South Asia 2018<br \/>\n2nd place on\u00a0Yogalimpics 2018<br \/>\n2nd place on\u00a0International Mt. Everest Yoga Championship 2018<br \/>\n1st place on European Yoga Championship 2018<\/div><button id='bg-showmore-action-69f1dee6083649039230844' class='bg-showmore-plg-button bg-green-button  devayani-award'   style=\" color:#000000;\"> <\/button>\n<\/div>\n\t\t<\/div><\/div><\/div><\/div><\/div>","protected":false},"excerpt":{"rendered":"<p>Ana Kersnik \u017dvab Travelling International Model, Miss, Yogini, Dancer Ana Kersnik \u017dvab was born in Jesenice, Slovenia, and was a yoga model and an ambassador for Freneti\u010d sports clothes at [&hellip;]<\/p>\n","protected":false},"author":1,"featured_media":0,"parent":0,"menu_order":0,"comment_status":"closed","ping_status":"closed","template":"","meta":{"_EventAllDay":false,"_EventTimezone":"","_EventStartDate":"","_EventEndDate":"","_EventStartDateUTC":"","_EventEndDateUTC":"","_EventShowMap":false,"_EventShowMapLink":false,"_EventURL":"","_EventCost":"","_EventCostDescription":"","_EventCurrencySymbol":"","_EventCurrencyCode":"","_EventCurrencyPosition":"","_EventDateTimeSeparator":"","_EventTimeRangeSeparator":"","_EventOrganizerID":[],"_EventVenueID":0,"_OrganizerEmail":"","_OrganizerPhone":"","_OrganizerWebsite":"","_VenueAddress":"","_VenueCity":"","_VenueCountry":"","_VenueProvince":"","_VenueZip":"","_VenuePhone":"","_VenueURL":"","_VenueStateProvince":"","_VenueLat":"","_VenueLng":""},"yoast_head":"<!-- This site is optimized with the Yoast SEO plugin v20.12 - https:\/\/yoast.com\/wordpress\/plugins\/seo\/ -->\n<title>Ana Kersnik \u017dvab - Yogalishes Ana<\/title>\n<meta name=\"robots\" content=\"index, follow, max-snippet:-1, max-image-preview:large, max-video-preview:-1\" \/>\n<link rel=\"canonical\" href=\"https:\/\/yogalishesana.com\/en\/anakersnikzvab\/\" \/>\n<meta property=\"og:locale\" content=\"en_US\" \/>\n<meta property=\"og:type\" content=\"article\" \/>\n<meta property=\"og:title\" content=\"Ana Kersnik \u017dvab - Yogalishes Ana\" \/>\n<meta property=\"og:description\" content=\"Ana Kersnik \u017dvab Travelling International Model, Miss, Yogini, Dancer Ana Kersnik \u017dvab was born in Jesenice, Slovenia, and was a yoga model and an ambassador for Freneti\u010d sports clothes at [&hellip;]\" \/>\n<meta property=\"og:url\" content=\"https:\/\/yogalishesana.com\/en\/anakersnikzvab\/\" \/>\n<meta property=\"og:site_name\" content=\"Yogalishes Ana\" \/>\n<meta property=\"article:modified_time\" content=\"2020-10-05T07:23:07+00:00\" \/>\n<meta name=\"twitter:card\" content=\"summary_large_image\" \/>\n<meta name=\"twitter:label1\" content=\"Est. reading time\" \/>\n\t<meta name=\"twitter:data1\" content=\"1 minute\" \/>\n<script type=\"application\/ld+json\" class=\"yoast-schema-graph\">{\"@context\":\"https:\/\/schema.org\",\"@graph\":[{\"@type\":\"WebPage\",\"@id\":\"https:\/\/yogalishesana.com\/en\/anakersnikzvab\/\",\"url\":\"https:\/\/yogalishesana.com\/en\/anakersnikzvab\/\",\"name\":\"Ana Kersnik \u017dvab - Yogalishes Ana\",\"isPartOf\":{\"@id\":\"https:\/\/yogalishesana.com\/en\/#website\"},\"datePublished\":\"2018-12-04T09:23:42+00:00\",\"dateModified\":\"2020-10-05T07:23:07+00:00\",\"breadcrumb\":{\"@id\":\"https:\/\/yogalishesana.com\/en\/anakersnikzvab\/#breadcrumb\"},\"inLanguage\":\"en-US\",\"potentialAction\":[{\"@type\":\"ReadAction\",\"target\":[\"https:\/\/yogalishesana.com\/en\/anakersnikzvab\/\"]}]},{\"@type\":\"BreadcrumbList\",\"@id\":\"https:\/\/yogalishesana.com\/en\/anakersnikzvab\/#breadcrumb\",\"itemListElement\":[{\"@type\":\"ListItem\",\"position\":1,\"name\":\"Home\",\"item\":\"https:\/\/yogalishesana.com\/en\/\"},{\"@type\":\"ListItem\",\"position\":2,\"name\":\"Ana Kersnik \u017dvab\"}]},{\"@type\":\"WebSite\",\"@id\":\"https:\/\/yogalishesana.com\/en\/#website\",\"url\":\"https:\/\/yogalishesana.com\/en\/\",\"name\":\"Yogalishes Ana\",\"description\":\"Yoga &amp; Dance lifestyle\",\"publisher\":{\"@id\":\"https:\/\/yogalishesana.com\/en\/#organization\"},\"potentialAction\":[{\"@type\":\"SearchAction\",\"target\":{\"@type\":\"EntryPoint\",\"urlTemplate\":\"https:\/\/yogalishesana.com\/en\/?s={search_term_string}\"},\"query-input\":\"required name=search_term_string\"}],\"inLanguage\":\"en-US\"},{\"@type\":\"Organization\",\"@id\":\"https:\/\/yogalishesana.com\/en\/#organization\",\"name\":\"Yogalishes Ana\",\"url\":\"https:\/\/yogalishesana.com\/en\/\",\"logo\":{\"@type\":\"ImageObject\",\"inLanguage\":\"en-US\",\"@id\":\"https:\/\/yogalishesana.com\/en\/#\/schema\/logo\/image\/\",\"url\":\"https:\/\/yogalishesana.com\/wp-content\/uploads\/2021\/07\/logo-yogalishesana.jpg\",\"contentUrl\":\"https:\/\/yogalishesana.com\/wp-content\/uploads\/2021\/07\/logo-yogalishesana.jpg\",\"width\":160,\"height\":160,\"caption\":\"Yogalishes Ana\"},\"image\":{\"@id\":\"https:\/\/yogalishesana.com\/en\/#\/schema\/logo\/image\/\"}}]}<\/script>\n<!-- \/ Yoast SEO plugin. -->","yoast_head_json":{"title":"Ana Kersnik \u017dvab - Yogalishes Ana","robots":{"index":"index","follow":"follow","max-snippet":"max-snippet:-1","max-image-preview":"max-image-preview:large","max-video-preview":"max-video-preview:-1"},"canonical":"https:\/\/yogalishesana.com\/en\/anakersnikzvab\/","og_locale":"en_US","og_type":"article","og_title":"Ana Kersnik \u017dvab - Yogalishes Ana","og_description":"Ana Kersnik \u017dvab Travelling International Model, Miss, Yogini, Dancer Ana Kersnik \u017dvab was born in Jesenice, Slovenia, and was a yoga model and an ambassador for Freneti\u010d sports clothes at [&hellip;]","og_url":"https:\/\/yogalishesana.com\/en\/anakersnikzvab\/","og_site_name":"Yogalishes Ana","article_modified_time":"2020-10-05T07:23:07+00:00","twitter_card":"summary_large_image","twitter_misc":{"Est. reading time":"1 minute"},"schema":{"@context":"https:\/\/schema.org","@graph":[{"@type":"WebPage","@id":"https:\/\/yogalishesana.com\/en\/anakersnikzvab\/","url":"https:\/\/yogalishesana.com\/en\/anakersnikzvab\/","name":"Ana Kersnik \u017dvab - Yogalishes Ana","isPartOf":{"@id":"https:\/\/yogalishesana.com\/en\/#website"},"datePublished":"2018-12-04T09:23:42+00:00","dateModified":"2020-10-05T07:23:07+00:00","breadcrumb":{"@id":"https:\/\/yogalishesana.com\/en\/anakersnikzvab\/#breadcrumb"},"inLanguage":"en-US","potentialAction":[{"@type":"ReadAction","target":["https:\/\/yogalishesana.com\/en\/anakersnikzvab\/"]}]},{"@type":"BreadcrumbList","@id":"https:\/\/yogalishesana.com\/en\/anakersnikzvab\/#breadcrumb","itemListElement":[{"@type":"ListItem","position":1,"name":"Home","item":"https:\/\/yogalishesana.com\/en\/"},{"@type":"ListItem","position":2,"name":"Ana Kersnik \u017dvab"}]},{"@type":"WebSite","@id":"https:\/\/yogalishesana.com\/en\/#website","url":"https:\/\/yogalishesana.com\/en\/","name":"Yogalishes Ana","description":"Yoga &amp; Dance lifestyle","publisher":{"@id":"https:\/\/yogalishesana.com\/en\/#organization"},"potentialAction":[{"@type":"SearchAction","target":{"@type":"EntryPoint","urlTemplate":"https:\/\/yogalishesana.com\/en\/?s={search_term_string}"},"query-input":"required name=search_term_string"}],"inLanguage":"en-US"},{"@type":"Organization","@id":"https:\/\/yogalishesana.com\/en\/#organization","name":"Yogalishes Ana","url":"https:\/\/yogalishesana.com\/en\/","logo":{"@type":"ImageObject","inLanguage":"en-US","@id":"https:\/\/yogalishesana.com\/en\/#\/schema\/logo\/image\/","url":"https:\/\/yogalishesana.com\/wp-content\/uploads\/2021\/07\/logo-yogalishesana.jpg","contentUrl":"https:\/\/yogalishesana.com\/wp-content\/uploads\/2021\/07\/logo-yogalishesana.jpg","width":160,"height":160,"caption":"Yogalishes Ana"},"image":{"@id":"https:\/\/yogalishesana.com\/en\/#\/schema\/logo\/image\/"}}]}},"_links":{"self":[{"href":"https:\/\/yogalishesana.com\/en\/wp-json\/wp\/v2\/pages\/496"}],"collection":[{"href":"https:\/\/yogalishesana.com\/en\/wp-json\/wp\/v2\/pages"}],"about":[{"href":"https:\/\/yogalishesana.com\/en\/wp-json\/wp\/v2\/types\/page"}],"author":[{"embeddable":true,"href":"https:\/\/yogalishesana.com\/en\/wp-json\/wp\/v2\/users\/1"}],"replies":[{"embeddable":true,"href":"https:\/\/yogalishesana.com\/en\/wp-json\/wp\/v2\/comments?post=496"}],"version-history":[{"count":0,"href":"https:\/\/yogalishesana.com\/en\/wp-json\/wp\/v2\/pages\/496\/revisions"}],"wp:attachment":[{"href":"https:\/\/yogalishesana.com\/en\/wp-json\/wp\/v2\/media?parent=496"}],"curies":[{"name":"wp","href":"https:\/\/api.w.org\/{rel}","templated":true}]}}